{"id":118,"date":"2014-12-10T10:12:29","date_gmt":"2014-12-10T10:12:29","guid":{"rendered":""},"modified":"2024-12-02T15:21:28","modified_gmt":"2024-12-02T15:21:28","slug":"frontpage","status":"publish","type":"page","link":"https:\/\/qvist-arkitektur.com\/","title":{"rendered":""},"content":{"rendered":"<h3 style=\"text-align: center;\"><\/h3>\n<h3 style=\"text-align: center;\">Velkommen til vores verden<\/h3>\n<h3 style=\"text-align: center;\"><span style=\"font-size: 1.41176rem; letter-spacing: 0.1em;\">Vi er en <strong>erfaren tegnestue<\/strong> med over 30 \u00e5rs ekspertise i design af<strong> boliger og sommerhuse<\/strong>. Vi skaber arkitektur, der forener<strong> natur, omgivelser og design<\/strong> p\u00e5 en inspirerende m\u00e5de. Vores specialisering i boligprojekter betyder, at vi forst\u00e5r <strong>vigtigheden<\/strong> af at skabe <strong>funktionelle, \u00e6stetiske<\/strong> rum, der samtidig <strong>integreres harmonisk<\/strong> med landskabet. Med <strong>respekt<\/strong> for b\u00e5de naturen og <strong>kundens behov,<\/strong> skaber vi tidl\u00f8se l\u00f8sninger, der giver<strong> liv og sj\u00e6l<\/strong> til b\u00e5de hel\u00e5rsboliger og sommerhuse.<\/span><\/h3>\n<p>&nbsp;<\/p>\n","protected":false},"excerpt":{"rendered":"<p>Velkommen til vores verden Vi er en erfaren tegnestue med over 30 \u00e5rs ekspertise i design af boliger og sommerhuse. Vi skaber arkitektur, der forener natur, omgivelser og design p\u00e5 en inspirerende m\u00e5de. Vores specialisering i boligprojekter betyder, at vi forst\u00e5r vigtigheden af at skabe funktionelle, \u00e6stetiske rum, der samtidig integreres harmonisk med landskabet. Med..<\/p>\n","protected":false},"author":1,"featured_media":0,"parent":0,"menu_order":0,"comment_status":"closed","ping_status":"closed","template":"page-templates\/projects-list.php","meta":{"content-type":"","footnotes":""},"class_list":["post-118","page","type-page","status-publish","hentry"],"_links":{"self":[{"href":"https:\/\/qvist-arkitektur.com\/index.php\/wp-json\/wp\/v2\/pages\/118","targetHints":{"allow":["GET"]}}],"collection":[{"href":"https:\/\/qvist-arkitektur.com\/index.php\/wp-json\/wp\/v2\/pages"}],"about":[{"href":"https:\/\/qvist-arkitektur.com\/index.php\/wp-json\/wp\/v2\/types\/page"}],"author":[{"embeddable":true,"href":"https:\/\/qvist-arkitektur.com\/index.php\/wp-json\/wp\/v2\/users\/1"}],"replies":[{"embeddable":true,"href":"https:\/\/qvist-arkitektur.com\/index.php\/wp-json\/wp\/v2\/comments?post=118"}],"version-history":[{"count":17,"href":"https:\/\/qvist-arkitektur.com\/index.php\/wp-json\/wp\/v2\/pages\/118\/revisions"}],"predecessor-version":[{"id":1514,"href":"https:\/\/qvist-arkitektur.com\/index.php\/wp-json\/wp\/v2\/pages\/118\/revisions\/1514"}],"wp:attachment":[{"href":"https:\/\/qvist-arkitektur.com\/index.php\/wp-json\/wp\/v2\/media?parent=118"}],"curies":[{"name":"wp","href":"https:\/\/api.w.org\/{rel}","templated":true}]}}