{"id":145,"date":"2014-12-10T10:55:54","date_gmt":"2014-12-10T10:55:54","guid":{"rendered":""},"modified":"2025-08-04T10:58:42","modified_gmt":"2025-08-04T10:58:42","slug":"profile-team","status":"publish","type":"page","link":"https:\/\/qvist-arkitektur.com\/index.php\/profile\/profile-team\/","title":{"rendered":"Profile &#8211; The Team"},"content":{"rendered":"<h3 style=\"text-align: center;\">M\u00f8D teamet<\/h3>\n<p class=\"intro narrow\" style=\"text-align: left;\">Vores team best\u00e5r af engagerede fagfolk med en st\u00e6rk passion for formgivning og innovation. Vi en en tegnestue pr\u00e6get af samarbejde, kreativitet og f\u00e6lles l\u00e6ring. Vi tror p\u00e5, at de bedste l\u00f8sninger skabes, n\u00e5r forskellige perspektiver m\u00f8des, og alle arbejder mod et f\u00e6lles m\u00e5l.<\/p>\n<div class=\"pixcode  pixcode--grid  grid  \">\n\n<\/div>\n\n<div class=\"grid__item lap-three-twelfths\">\n\n<p>&nbsp;<\/p>\n<p>&nbsp;<\/p>\n<h4><img loading=\"lazy\" decoding=\"async\" class=\"alignnone size-medium wp-image-605\" src=\"https:\/\/qvist-arkitektur.com\/wp-content\/uploads\/2020\/10\/pb-5683x934-4-219x300.png\" alt=\"\" width=\"219\" height=\"300\" srcset=\"https:\/\/qvist-arkitektur.com\/wp-content\/uploads\/2020\/10\/pb-5683x934-4-219x300.png 219w, https:\/\/qvist-arkitektur.com\/wp-content\/uploads\/2020\/10\/pb-5683x934-4-385x526.png 385w, https:\/\/qvist-arkitektur.com\/wp-content\/uploads\/2020\/10\/pb-5683x934-4-400x547.png 400w, https:\/\/qvist-arkitektur.com\/wp-content\/uploads\/2020\/10\/pb-5683x934-4.png 743w\" sizes=\"auto, (max-width: 219px) 100vw, 219px\" \/><\/h4>\n<h4>Lars Qvist<\/h4>\n<address>Arkitekt &#8211; Designansvarlig<br \/>\nT: + 45 26 35 60 00<br \/>\nM: lq@qvist-arkitektur.dk<\/address>\n\n<\/div>\n\n<div class=\"grid__item lap-three-twelfths\">\n\n<p>&nbsp;<\/p>\n<p>&nbsp;<\/p>\n<h4><img loading=\"lazy\" decoding=\"async\" class=\"alignnone size-medium wp-image-602\" src=\"https:\/\/qvist-arkitektur.com\/wp-content\/uploads\/2020\/10\/pb-743x1024-1-218x300.png\" alt=\"\" width=\"218\" height=\"300\" srcset=\"https:\/\/qvist-arkitektur.com\/wp-content\/uploads\/2020\/10\/pb-743x1024-1-218x300.png 218w, https:\/\/qvist-arkitektur.com\/wp-content\/uploads\/2020\/10\/pb-743x1024-1-385x531.png 385w, https:\/\/qvist-arkitektur.com\/wp-content\/uploads\/2020\/10\/pb-743x1024-1-400x551.png 400w, https:\/\/qvist-arkitektur.com\/wp-content\/uploads\/2020\/10\/pb-743x1024-1.png 743w\" sizes=\"auto, (max-width: 218px) 100vw, 218px\" \/><\/h4>\n<h4>Nicolai QVIST KRARUP<\/h4>\n<address>Arkitekt &#8211; Cand. Polyt. Arch<br \/>\nT: + 45 25 78 66 09<br \/>\nM: Nicolai@qvist-arkitektur.dk<\/address>\n\n<\/div>\n\n<div class=\"grid__item lap-three-twelfths\">\n\n<\/div>\n\n<p>&nbsp;<\/p>\n<p>&nbsp;<\/p>\n<p>&nbsp;<\/p>\n","protected":false},"excerpt":{"rendered":"<p>M\u00f8D teamet Vores team best\u00e5r af engagerede fagfolk med en st\u00e6rk passion for formgivning og innovation. Vi en en tegnestue pr\u00e6get af samarbejde, kreativitet og f\u00e6lles l\u00e6ring. Vi tror p\u00e5, at de bedste l\u00f8sninger skabes, n\u00e5r forskellige perspektiver m\u00f8des, og alle arbejder mod et f\u00e6lles m\u00e5l. &nbsp; &nbsp; &nbsp;<\/p>\n","protected":false},"author":1,"featured_media":0,"parent":130,"menu_order":1,"comment_status":"closed","ping_status":"closed","template":"","meta":{"content-type":"","footnotes":""},"class_list":["post-145","page","type-page","status-publish","hentry","no-page-header"],"_links":{"self":[{"href":"https:\/\/qvist-arkitektur.com\/index.php\/wp-json\/wp\/v2\/pages\/145","targetHints":{"allow":["GET"]}}],"collection":[{"href":"https:\/\/qvist-arkitektur.com\/index.php\/wp-json\/wp\/v2\/pages"}],"about":[{"href":"https:\/\/qvist-arkitektur.com\/index.php\/wp-json\/wp\/v2\/types\/page"}],"author":[{"embeddable":true,"href":"https:\/\/qvist-arkitektur.com\/index.php\/wp-json\/wp\/v2\/users\/1"}],"replies":[{"embeddable":true,"href":"https:\/\/qvist-arkitektur.com\/index.php\/wp-json\/wp\/v2\/comments?post=145"}],"version-history":[{"count":43,"href":"https:\/\/qvist-arkitektur.com\/index.php\/wp-json\/wp\/v2\/pages\/145\/revisions"}],"predecessor-version":[{"id":1526,"href":"https:\/\/qvist-arkitektur.com\/index.php\/wp-json\/wp\/v2\/pages\/145\/revisions\/1526"}],"up":[{"embeddable":true,"href":"https:\/\/qvist-arkitektur.com\/index.php\/wp-json\/wp\/v2\/pages\/130"}],"wp:attachment":[{"href":"https:\/\/qvist-arkitektur.com\/index.php\/wp-json\/wp\/v2\/media?parent=145"}],"curies":[{"name":"wp","href":"https:\/\/api.w.org\/{rel}","templated":true}]}}